{"id":4750,"date":"2014-10-25T06:29:44","date_gmt":"2014-10-25T06:29:44","guid":{"rendered":"http:\/\/housing.vn\/?page_id=4750"},"modified":"2014-10-25T06:29:44","modified_gmt":"2014-10-25T06:29:44","slug":"doi-ngu-nhan-vien","status":"publish","type":"page","link":"https:\/\/www.housing.vn\/vi\/doi-ngu-nhan-vien\/","title":{"rendered":"\u0110\u1ed9i Ng\u0169 Nh\u00e2n Vi\u00ean"},"content":{"rendered":"","protected":false},"excerpt":{"rendered":"","protected":false},"author":1,"featured_media":0,"parent":0,"menu_order":0,"comment_status":"open","ping_status":"open","template":"templates\/agents-list.php","meta":{"footnotes":""},"yst_prominent_words":[],"class_list":["post-4750","page","type-page","status-publish","hentry"],"_links":{"self":[{"href":"https:\/\/www.housing.vn\/vi\/wp-json\/wp\/v2\/pages\/4750\/"}],"collection":[{"href":"https:\/\/www.housing.vn\/vi\/wp-json\/wp\/v2\/pages\/"}],"about":[{"href":"https:\/\/www.housing.vn\/vi\/wp-json\/wp\/v2\/types\/page\/"}],"author":[{"embeddable":true,"href":"https:\/\/www.housing.vn\/vi\/wp-json\/wp\/v2\/users\/1\/"}],"replies":[{"embeddable":true,"href":"https:\/\/www.housing.vn\/vi\/wp-json\/wp\/v2\/comments\/?post=4750"}],"version-history":[{"count":1,"href":"https:\/\/www.housing.vn\/vi\/wp-json\/wp\/v2\/pages\/4750\/revisions\/"}],"predecessor-version":[{"id":4751,"href":"https:\/\/www.housing.vn\/vi\/wp-json\/wp\/v2\/pages\/4750\/revisions\/4751\/"}],"wp:attachment":[{"href":"https:\/\/www.housing.vn\/vi\/wp-json\/wp\/v2\/media\/?parent=4750"}],"wp:term":[{"taxonomy":"yst_prominent_words","embeddable":true,"href":"https:\/\/www.housing.vn\/vi\/wp-json\/wp\/v2\/yst_prominent_words\/?post=4750"}],"curies":[{"name":"wp","href":"https:\/\/api.w.org\/{rel}","templated":true}]}}